{"id":13198,"date":"2013-03-22T14:19:51","date_gmt":"2013-03-22T14:19:51","guid":{"rendered":"http:\/\/notis-coiffure.gr\/epikinonia\/"},"modified":"2022-04-06T07:28:09","modified_gmt":"2022-04-06T07:28:09","slug":"contact","status":"publish","type":"page","link":"https:\/\/notis-coiffure.gr\/fr\/contact\/","title":{"rendered":"Contact"},"content":{"rendered":"<div class=\"limit-wrapper\"><div class=\"row \"><div class=\"wpv-grid grid-1-1  wpv-first-level grid-1-1 first unextended has-extended-padding\" style=\"padding-top:0.05px;padding-bottom:20px;\" id=\"wpv-column-ddb203a16fd2c0ce2c7fdaee3b6af0d8\" ><h2 class='column-title'>\u0395\u03c0\u03b9\u03ba\u03bf\u03b9\u03bd\u03c9\u03bd\u03af\u03b1<\/h2><div class=\"row \"><div class=\"wpv-grid grid-1-1  grid-1-1 first unextended no-extended-padding\" style=\"padding-top:0.05px;padding-bottom:0.05px;\" id=\"wpv-column-d4c53230b09917620c83d89369e9f25b\" ><p><iframe loading=\"lazy\" style=\"border: 0;\" src=\"https:\/\/www.google.com\/maps\/embed?pb=!1m14!1m8!1m3!1d12580.157980148992!2d23.7427057!3d37.9762076!3m2!1i1024!2i768!4f13.1!3m3!1m2!1s0x0%3A0xbb46fe2fe06461b1!2sNOTIS+HAUTE+COIFFURE!5e0!3m2!1sel!2sgr!4v1527092906064\" width=\"1200\" height=\"450\" frameborder=\"0\" allowfullscreen=\"allowfullscreen\"><\/iframe><\/div><\/div>\n<div class=\"row \"><div class=\"wpv-grid grid-1-3  grid-1-3 first unextended animation-fade-in animated-active no-extended-padding\" style=\"padding-top:0.05px;padding-bottom:0.05px;\" id=\"wpv-column-80ec67685d1b42c24081eb937ff63a00\" ><p style=\"text-align: center;\"><span class='icon shortcode theme  use-hover' style='color:#b69e59;font-size:32px !important;'>&#57547;<\/span>\n<p style=\"text-align: center;\">Irodotou 7, Kolonaki 106 74<br \/>\nAth\u00e8nes, Gr\u00e8ce<\/p>\n<p style=\"text-align: center;\"><a href=\"https:\/\/goo.gl\/maps\/8NCSZFhApWC2\">View on map<\/a><\/div>\n<div class=\"wpv-grid grid-1-3  grid-1-3 unextended animation-fade-in animated-active no-extended-padding\" style=\"padding-top:0.05px;padding-bottom:0.05px;\" id=\"wpv-column-08c53c4d9cc763f54eb60778659e28d4\" ><p style=\"text-align: center;\"><span class='icon shortcode theme  use-hover' style='color:#b69e59;font-size:32px !important;'>&#57471;<\/span>\n<p style=\"text-align: center;\">t. +30 210 7223864, +30 210 7230759<\/p>\n<p style=\"text-align: center;\">notis@notis-coiffure.gr<\/div>\n<div class=\"wpv-grid grid-1-3  grid-1-3 unextended animation-fade-in animated-active no-extended-padding\" style=\"padding-top:0.05px;padding-bottom:0.05px;\" id=\"wpv-column-2b9c033a1dcc5255e1665e619660e528\" ><p style=\"text-align: center;\"><span class='icon shortcode theme  use-hover' style='color:#b69e59;font-size:32px !important;'>&#57530;<\/span>\n<p style=\"text-align: center;\"><strong>Lundi<\/strong>: Ferm\u00e9<br \/>\n<strong>Mardi<\/strong>: 9.30 &#8211; 19.00<br \/>\n<strong>Mercredi<\/strong>: 10.00 &#8211; 17.00<br \/>\n<strong>Jeudi<\/strong>: 9.30 &#8211; 19.00<br \/>\n<strong>Vendredi<\/strong>: 9.30 &#8211; 20.00<br \/>\n<strong>Samedi<\/strong>: 9.30 &#8211; 17.00<br \/>\n<strong>Dimanche<\/strong>: Ferm\u00e9<\/div><\/div>\n<div class=\"push \" style=\"margin-bottom:-40px\"><\/div>\n<div class=\"sep-3\"><\/div>\n<div class=\"row \"><div class=\"wpv-grid grid-1-1  grid-1-1 first unextended animation-zoom-in animated-active no-extended-padding\" style=\"padding-top:0.05px;padding-bottom:0.05px;\" id=\"wpv-column-d92cadabebb3a33f75dd1fd91252a49e\" ><div class=\"push \" style=\"margin-bottom:-10px\"><\/div>\n<p style=\"text-align: center;\"><a href=\"https:\/\/www.facebook.com\/NotisHauteCoiffure\/\"> <span class='icon shortcode  border use-hover' style='color:#000000;border-color:#000000;font-size:18px !important;'>&#58155;<\/span><\/a>\u00a0 <a href=\"https:\/\/twitter.com\/Notis_Coiffure\"><span class='icon shortcode  border use-hover' style='color:#000000;border-color:#000000;font-size:18px !important;'>&#58159;<\/span><\/a>\u00a0 \u00a0\u00a0<a href=\"https:\/\/www.instagram.com\/notis_haute_coiffure\/\"><span class='icon shortcode  border use-hover' style='color:#000000;border-color:#000000;font-size:18px !important;'>&#58158;<\/span><\/a><\/div><\/div><\/div><\/div><\/div>\n<div class=\"row \"><div class=\"wpv-grid grid-1-1  wpv-first-level grid-1-1 first wpv-hide-bg-lowres has-background extended has-extended-padding\" style=\"\n\t\t\t\tbackground: url( &#039;https:\/\/hair-beauty.vamtam.com\/wp-content\/uploads\/2014\/04\/bg_tabs.jpg&#039; ) no-repeat center bottom;\n\t\t\t\tbackground-size: auto;\n\t\t\tbackground-attachment: scroll;background-color:#f0f5f8;padding-top:60px;padding-bottom:60px;\" id=\"wpv-column-f2de44922039228bc1a30736101b4245\" ><div class=\"limit-wrapper\"><div class=\"extended-column-inner\"><style>#wpv-column-f2de44922039228bc1a30736101b4245,#wpv-column-f2de44922039228bc1a30736101b4245 p,#wpv-column-f2de44922039228bc1a30736101b4245 em,#wpv-column-f2de44922039228bc1a30736101b4245 h1,#wpv-column-f2de44922039228bc1a30736101b4245 h2,#wpv-column-f2de44922039228bc1a30736101b4245 h3,#wpv-column-f2de44922039228bc1a30736101b4245 h4,#wpv-column-f2de44922039228bc1a30736101b4245 h5,#wpv-column-f2de44922039228bc1a30736101b4245 h6,#wpv-column-f2de44922039228bc1a30736101b4245 h1 a:not(:hover),#wpv-column-f2de44922039228bc1a30736101b4245 h2 a:not(:hover),#wpv-column-f2de44922039228bc1a30736101b4245 h3 a:not(:hover),#wpv-column-f2de44922039228bc1a30736101b4245 h4 a:not(:hover),#wpv-column-f2de44922039228bc1a30736101b4245 h5 a:not(:hover),#wpv-column-f2de44922039228bc1a30736101b4245 h6 a:not(:hover),#wpv-column-f2de44922039228bc1a30736101b4245 .column-title,#wpv-column-f2de44922039228bc1a30736101b4245 .sep-text h2.regular-title-wrapper,#wpv-column-f2de44922039228bc1a30736101b4245 .text-divider-double,#wpv-column-f2de44922039228bc1a30736101b4245 .sep-text .sep-text-line,#wpv-column-f2de44922039228bc1a30736101b4245 .sep,#wpv-column-f2de44922039228bc1a30736101b4245 .sep-2,#wpv-column-f2de44922039228bc1a30736101b4245 .sep-3,#wpv-column-f2de44922039228bc1a30736101b4245 .portfolio-filters .inner-wrapper .cbp-filter-item,#wpv-column-f2de44922039228bc1a30736101b4245 .portfolio-filters .inner-wrapper .cbp-filter-item:hover,#wpv-column-f2de44922039228bc1a30736101b4245 .portfolio-filters .inner-wrapper .cbp-filter-item.cbp-filter-item-active,#wpv-column-f2de44922039228bc1a30736101b4245 td,#wpv-column-f2de44922039228bc1a30736101b4245 th,#wpv-column-f2de44922039228bc1a30736101b4245 caption{color:#282828;}<\/style><div class=\"row \"><div class=\"wpv-grid grid-1-1  grid-1-1 first unextended animation-from-bottom animated-active has-extended-padding\" style=\"padding-top:0.05px;padding-bottom:0.05px;\" id=\"wpv-column-ca8463e9b65d32e9ae85d8ab9960c67b\" ><div class=\"row \"><div class=\"wpv-grid grid-1-1  grid-1-1 first unextended has-extended-padding\" style=\"padding-top:0.05px;padding-bottom:0.05px;\" id=\"wpv-column-7cb3dec9bfd4b177ebbf7d17cb7ebec5\" ><\/div><\/div>\n<div class=\"push  wpv-hide-lowres\" style=\"height:100px\"><\/div><\/div><\/div><\/div><\/div><\/div><\/div>\n","protected":false},"excerpt":{"rendered":"<p>Irodotou 7, Kolonaki 106 74 Ath\u00e8nes, Gr\u00e8ce View on map t. +30 210 7223864, +30 210 7230759 notis@notis-coiffure.gr Lundi: Ferm\u00e9 Mardi: 9.30 &#8211; 19.00 Mercredi: 10.00 &#8211; 17.00 Jeudi: 9.30 &#8211; 19.00 Vendredi: 9.30 &#8211; 20.00 Samedi: 9.30 &#8211; 17.00 Dimanche: Ferm\u00e9 \u00a0 \u00a0 \u00a0\u00a0<\/p>\n","protected":false},"author":1,"featured_media":0,"parent":0,"menu_order":3,"comment_status":"closed","ping_status":"closed","template":"","meta":{"footnotes":""},"class_list":["post-13198","page","type-page","status-publish","hentry"],"_links":{"self":[{"href":"https:\/\/notis-coiffure.gr\/fr\/wp-json\/wp\/v2\/pages\/13198","targetHints":{"allow":["GET"]}}],"collection":[{"href":"https:\/\/notis-coiffure.gr\/fr\/wp-json\/wp\/v2\/pages"}],"about":[{"href":"https:\/\/notis-coiffure.gr\/fr\/wp-json\/wp\/v2\/types\/page"}],"author":[{"embeddable":true,"href":"https:\/\/notis-coiffure.gr\/fr\/wp-json\/wp\/v2\/users\/1"}],"replies":[{"embeddable":true,"href":"https:\/\/notis-coiffure.gr\/fr\/wp-json\/wp\/v2\/comments?post=13198"}],"version-history":[{"count":0,"href":"https:\/\/notis-coiffure.gr\/fr\/wp-json\/wp\/v2\/pages\/13198\/revisions"}],"wp:attachment":[{"href":"https:\/\/notis-coiffure.gr\/fr\/wp-json\/wp\/v2\/media?parent=13198"}],"curies":[{"name":"wp","href":"https:\/\/api.w.org\/{rel}","templated":true}]}}