{"id":13188,"date":"2014-04-23T10:34:55","date_gmt":"2014-04-23T10:34:55","guid":{"rendered":"http:\/\/notis-coiffure.gr\/team\/"},"modified":"2025-02-20T16:06:35","modified_gmt":"2025-02-20T16:06:35","slug":"team","status":"publish","type":"page","link":"https:\/\/notis-coiffure.gr\/fr\/team\/","title":{"rendered":"L\u2019equipe"},"content":{"rendered":"<div class=\"row \"><div class=\"wpv-grid grid-1-1  wpv-first-level grid-1-1 first extended no-extended-padding\" style=\"padding-top:0.05px;padding-bottom:0.05px;\" id=\"wpv-column-6e4925d9b622c7213d86d0593c8d54f3\" ><div class=\"limit-wrapper\"><div class=\"extended-column-inner\"><div class=\"row \"><div class=\"wpv-grid grid-1-2  grid-1-2 first unextended animation-from-bottom animated-active no-extended-padding\" style=\"padding-top:0.05px;padding-bottom:0.05px;\" id=\"wpv-column-33b7d48e7cda781910a8902190d7cb09\" ><div class=\"row \"><div class=\"wpv-grid grid-1-1  grid-1-1 first unextended no-extended-padding\" style=\"padding-top:0.05px;padding-bottom:0.05px;\" id=\"wpv-column-bfcf20f13747589216af276baaa86dd1\" ><p><img loading=\"lazy\" decoding=\"async\" class=\"alignnone size-full wp-image-12183\" src=\"https:\/\/notis-coiffure.gr\/wp-content\/uploads\/2018\/04\/EleniManos_Notis-Coiffure_bw__web-2.jpg\" alt=\"\" width=\"654\" height=\"673\" srcset=\"https:\/\/notis-coiffure.gr\/wp-content\/uploads\/2018\/04\/EleniManos_Notis-Coiffure_bw__web-2.jpg 654w, https:\/\/notis-coiffure.gr\/wp-content\/uploads\/2018\/04\/EleniManos_Notis-Coiffure_bw__web-2-292x300.jpg 292w, https:\/\/notis-coiffure.gr\/wp-content\/uploads\/2018\/04\/EleniManos_Notis-Coiffure_bw__web-2-43x43.jpg 43w, https:\/\/notis-coiffure.gr\/wp-content\/uploads\/2018\/04\/EleniManos_Notis-Coiffure_bw__web-2-495x509.jpg 495w, https:\/\/notis-coiffure.gr\/wp-content\/uploads\/2018\/04\/EleniManos_Notis-Coiffure_bw__web-2-320x329.jpg 320w, https:\/\/notis-coiffure.gr\/wp-content\/uploads\/2018\/04\/EleniManos_Notis-Coiffure_bw__web-2-640x659.jpg 640w, https:\/\/notis-coiffure.gr\/wp-content\/uploads\/2018\/04\/EleniManos_Notis-Coiffure_bw__web-2-232x239.jpg 232w, https:\/\/notis-coiffure.gr\/wp-content\/uploads\/2018\/04\/EleniManos_Notis-Coiffure_bw__web-2-465x479.jpg 465w, https:\/\/notis-coiffure.gr\/wp-content\/uploads\/2018\/04\/EleniManos_Notis-Coiffure_bw__web-2-600x617.jpg 600w, https:\/\/notis-coiffure.gr\/wp-content\/uploads\/2018\/04\/EleniManos_Notis-Coiffure_bw__web-2-50x50.jpg 50w\" sizes=\"auto, (max-width: 654px) 100vw, 654px\" \/><\/div><\/div><\/div>\n<div class=\"wpv-grid grid-1-2  grid-1-2 unextended animation-from-bottom animated-active no-extended-padding\" style=\"padding-top:0.05px;padding-bottom:0.05px;\" id=\"wpv-column-625fdd888983924aa8a7e68583cfa60b\" >\t\t<h2 class=\"text-divider-double\">\t\t\tL'equipe\t\t<\/h2>\t\t<div class=\"sep\"><\/div>\n\t<div class=\"row \"><div class=\"wpv-grid grid-1-1  grid-1-1 first unextended no-extended-padding\" style=\"padding-top:0.05px;padding-bottom:0.05px;\" id=\"wpv-column-3b738fd6e621b08ba78738be27c12da2\" ><h3 style=\"text-align: center;\">Eleni &amp; Manos<\/h3>\n<div class=\"push  wpv-hide-lowres\" style=\"height:15px\"><\/div>\n<div class=\"page\" title=\"Page 2\">\n<div class=\"layoutArea\">\n<div class=\"column\">\n<p style=\"text-align: center;\">La dynamique de Notis Haute Coiffure se trouve dans la chimie du fr\u00e8re et de la s\u0153ur Manos et Eleni. Les super ciseaux de Manos, en combinaison avec les pinceaux d\u2019Eleni, prennent soin de vous afin que vous obteniez une proposition et un r\u00e9sultat complet de vos cheveux. Le coiffeur et la coloriste, depuis leur tr\u00e8s jeune \u00e2ge, se renseignent continuellement et voyagent \u00e0 l\u2019\u00e9tranger ou dans les fronti\u00e8res, s\u2019ils ne se trouvent dans le salon, pour prendre part \u00e0 des conf\u00e9rences et s\u00e9minaires afin de vous donner le meilleur r\u00e9sultat. Leur unique dynamique ainsi que leur succ\u00e8s rendront votre venue sp\u00e9ciale car ils ont toujours quelque chose de nouveau \u00e0 vous pr\u00e9senter sur la base de vos caract\u00e9ristiques et de vos besoins.<\/p>\n<\/div>\n<\/div>\n<\/div>\n<div class=\"push  wpv-hide-lowres\" style=\"height:20px\"><\/div><\/div><\/div><\/div><\/div>\n<div class=\"push \" style=\"height:70px\"><\/div>\n<div class=\"row \"><div class=\"wpv-grid grid-1-3  grid-1-3 first unextended no-extended-padding\" style=\"padding-top:0.05px;padding-bottom:0.05px;\" id=\"wpv-column-12ae5f93c58f1379ec93560d704701ef\" ><div class=\"team-member has-content\">\n\t\t<div class=\"thumbnail\">\n\t\t\t\t\t<img loading=\"lazy\" decoding=\"async\" width=\"232\" height=\"339\" src=\"https:\/\/notis-coiffure.gr\/wp-content\/uploads\/2021\/07\/Katerina_Notis-Coiffure-232x339.jpg\" class=\"attachment-theme-normal-4 size-theme-normal-4\" alt=\"\" srcset=\"https:\/\/notis-coiffure.gr\/wp-content\/uploads\/2021\/07\/Katerina_Notis-Coiffure-232x339.jpg 232w, https:\/\/notis-coiffure.gr\/wp-content\/uploads\/2021\/07\/Katerina_Notis-Coiffure-205x300.jpg 205w, https:\/\/notis-coiffure.gr\/wp-content\/uploads\/2021\/07\/Katerina_Notis-Coiffure-320x468.jpg 320w, https:\/\/notis-coiffure.gr\/wp-content\/uploads\/2021\/07\/Katerina_Notis-Coiffure.jpg 413w\" sizes=\"auto, (min-width: 900px) 50vw, 100vw\" \/>\t\t\n\t\t<div class=\"share-icons clearfix\">\n\t\t\t\t\t<\/div>\n\t<\/div>\n\t\t<div class=\"team-member-info\">\n\t\t<h3>\n\t\t\t\t\t\t\tKaterina\t\t\t\t\t<\/h3>\n\t\t\t\t\t<h5 class=\"regular-title-wrapper team-member-position\"> LA DYNAMIQUE POSITIVE <\/h5>\n\t\t\t\t\t\t\n\n\t<\/div>\n\t\t<div class=\"team-member-bio\">\n\t\t<div class=\"page\" title=\"Page 2\">\n<div class=\"layoutArea\">\n<div class=\"column\">\n<div dir=\"auto\">La jeune fille souriante aux multiples talents, en couleurs et en style. Elle donne tout son amour et ses soins pour le meilleur r\u00e9sultat ! Laissez-vous aller entre ses mains pour votre prochain changement !<\/div>\n<\/div>\n<\/div>\n<\/div>\t<\/div>\n\t<\/div>\n<\/div>\n<div class=\"wpv-grid grid-1-3  grid-1-3 unextended no-extended-padding\" style=\"padding-top:0.05px;padding-bottom:0.05px;\" id=\"wpv-column-f935e97d9cfe78f9945b2e95d068da48\" ><div class=\"team-member has-content\">\n\t\t<div class=\"thumbnail\">\n\t\t\t\t\t<img loading=\"lazy\" decoding=\"async\" width=\"232\" height=\"339\" src=\"https:\/\/notis-coiffure.gr\/wp-content\/uploads\/2025\/02\/Andreas_Notis-Coiffure-1-232x339.jpg\" class=\"attachment-theme-normal-4 size-theme-normal-4\" alt=\"\" srcset=\"https:\/\/notis-coiffure.gr\/wp-content\/uploads\/2025\/02\/Andreas_Notis-Coiffure-1-232x339.jpg 232w, https:\/\/notis-coiffure.gr\/wp-content\/uploads\/2025\/02\/Andreas_Notis-Coiffure-1-205x300.jpg 205w, https:\/\/notis-coiffure.gr\/wp-content\/uploads\/2025\/02\/Andreas_Notis-Coiffure-1-320x468.jpg 320w, https:\/\/notis-coiffure.gr\/wp-content\/uploads\/2025\/02\/Andreas_Notis-Coiffure-1.jpg 413w\" sizes=\"auto, (min-width: 900px) 50vw, 100vw\" \/>\t\t\n\t\t<div class=\"share-icons clearfix\">\n\t\t\t\t\t<\/div>\n\t<\/div>\n\t\t<div class=\"team-member-info\">\n\t\t<h3>\n\t\t\t\t\t\t\tAndr\u00e9\t\t\t\t\t<\/h3>\n\t\t\t\t\t<h5 class=\"regular-title-wrapper team-member-position\"> TALENT UNIQUE <\/h5>\n\t\t\t\t\t\t\n\n\t<\/div>\n\t\t<div class=\"team-member-bio\">\n\t\t<div class=\"page\" title=\"Page 2\">\n<div class=\"layoutArea\">\n<div class=\"column\">\n<div class=\"team-member-bio\">\n<div class=\"page\" title=\"Page 2\">\n<div class=\"layoutArea\">\n<div class=\"column\">\n<div class=\"team-member-bio\">\n<div class=\"page\" title=\"Page 2\">\n<div class=\"layoutArea\">\n<div class=\"column\"><span class=\"HwtZe\" lang=\"fr\"><span class=\"jCAhz ChMk0b\"><span class=\"ryNqvb\">\u2018Ambiance mill\u00e9naire dont nous avions besoin est l\u00e0 !<\/span><\/span> <span class=\"jCAhz ChMk0b\"><span class=\"ryNqvb\">Des mains magiques, avec de l\u2019exp\u00e9rience en teintures, balayages et coiffures.<\/span><\/span> <span class=\"jCAhz ChMk0b\"><span class=\"ryNqvb\">Sans parler des ondes positives.<\/span><\/span> <span class=\"jCAhz\"><span class=\"ryNqvb\">Vous les ressentirez !<\/span><\/span><\/span><\/div>\n<\/div>\n<\/div>\n<\/div>\n<p><span class=\"tlid-translation translation\"><span class=\"\" title=\"\"><span class=\"HwtZe\" lang=\"fr\"><span class=\"jCAhz ChMk0b\"><span class=\"ryNqvb\">\u00a0<\/span><\/span><\/span><\/span><\/span><\/p>\n<\/div>\n<\/div>\n<\/div>\n<\/div>\n<\/div>\n<\/div>\n<\/div>\t<\/div>\n\t<\/div>\n<\/div><\/div><\/div><\/div><\/div><\/div>\n<div class=\"push \" style=\"height:30px\"><\/div>\n<div class=\"limit-wrapper\"><div class=\"row \"><div class=\"wpv-grid grid-1-1  wpv-first-level grid-1-1 first unextended no-extended-padding\" style=\"padding-top:0.05px;padding-bottom:0.05px;\" id=\"wpv-column-4ecf6219b34bd0e6b050b96bc7ab004b\" >\t\t<h2 class=\"text-divider-double\">\t\t\tBLOG\t\t<\/h2>\t\t<div class=\"sep\"><\/div>\n\t<div class=\"loop-wrapper clearfix news row small not-paginated\" data-columns=\"2\" >\n\t\t\t<div class=\"page-content post-header grid-1-2 clearboth list-item post-13914 post type-post status-publish format-standard has-post-thumbnail hentry category-nails-fr tag-manicure-fr tag-nails-fr tag-pedicure-fr tag--fr\" >\n\t\t\t\t<div>\n\t\t\t\t\t<div class=\"post-article has-image-wrapper \">\n\t<div class=\"standard-post-format clearfix as-image \">\n\t\t<div class=\"post-media-date\">\n\t\t\t<div class=\"thumbnail\">\n\t\t\t\t\t\t\t<a href=\"https:\/\/notis-coiffure.gr\/fr\/acrygel-workshop\/\" title=\"Acrygel Workshop\">\n\t\t\t\t\t<img loading=\"lazy\" decoding=\"async\" width=\"495\" height=\"380\" src=\"https:\/\/notis-coiffure.gr\/wp-content\/uploads\/2020\/05\/notis1-495x380.jpg\" class=\"attachment-theme-loop-2 size-theme-loop-2 wp-post-image\" alt=\"\" srcset=\"https:\/\/notis-coiffure.gr\/wp-content\/uploads\/2020\/05\/notis1-495x380.jpg 495w, https:\/\/notis-coiffure.gr\/wp-content\/uploads\/2020\/05\/notis1-1020x784.jpg 1020w, https:\/\/notis-coiffure.gr\/wp-content\/uploads\/2020\/05\/notis1-990x761.jpg 990w, https:\/\/notis-coiffure.gr\/wp-content\/uploads\/2020\/05\/notis1-320x246.jpg 320w, https:\/\/notis-coiffure.gr\/wp-content\/uploads\/2020\/05\/notis1-640x492.jpg 640w, https:\/\/notis-coiffure.gr\/wp-content\/uploads\/2020\/05\/notis1-232x178.jpg 232w, https:\/\/notis-coiffure.gr\/wp-content\/uploads\/2020\/05\/notis1-465x357.jpg 465w\" sizes=\"auto, (min-width: 900px) 50vw, 100vw\" \/>\t\t\t\t\t<span class='icon shortcode theme  use-hover' style=''>&#58897;<\/span>\t\t\t\t<\/a>\n\t\t\t\t\t<\/div>\n\t<\/div>\n\n\t<\/div>\n<\/div>\n\t\t\t\t<\/div>\n\t\t\t<\/div>\n\t\t\t<div class=\"page-content post-header grid-1-2 list-item post-13802 post type-post status-publish format-standard has-post-thumbnail hentry category-barber-fr\" >\n\t\t\t\t<div>\n\t\t\t\t\t<div class=\"post-article has-image-wrapper \">\n\t<div class=\"standard-post-format clearfix as-image \">\n\t\t<div class=\"post-media-date\">\n\t\t\t<div class=\"thumbnail\">\n\t\t\t\t\t\t\t<a href=\"https:\/\/notis-coiffure.gr\/fr\/ivan-%cf%83%ce%b5%ce%bc%ce%b9%ce%bd%ce%ac%cf%81%ce%b9%ce%bf-barber-%ce%bc%ce%b5-%cf%84%ce%bf%ce%bd-%ce%ba%ce%b1%ce%bb%cf%8d%cf%84%ce%b5%cf%81%ce%bf-%cf%83%cf%84%ce%bf-%ce%b5%ce%af%ce%b4%ce%bf%cf%82\/\" title=\"Ivan &#8211; Barber workshop with one of the best\">\n\t\t\t\t\t<img loading=\"lazy\" decoding=\"async\" width=\"495\" height=\"380\" src=\"https:\/\/notis-coiffure.gr\/wp-content\/uploads\/2020\/02\/Notis-Coiffure_feature-495x380.jpg\" class=\"attachment-theme-loop-2 size-theme-loop-2 wp-post-image\" alt=\"\" srcset=\"https:\/\/notis-coiffure.gr\/wp-content\/uploads\/2020\/02\/Notis-Coiffure_feature-495x380.jpg 495w, https:\/\/notis-coiffure.gr\/wp-content\/uploads\/2020\/02\/Notis-Coiffure_feature-1020x784.jpg 1020w, https:\/\/notis-coiffure.gr\/wp-content\/uploads\/2020\/02\/Notis-Coiffure_feature-990x761.jpg 990w, https:\/\/notis-coiffure.gr\/wp-content\/uploads\/2020\/02\/Notis-Coiffure_feature-320x246.jpg 320w, https:\/\/notis-coiffure.gr\/wp-content\/uploads\/2020\/02\/Notis-Coiffure_feature-640x492.jpg 640w, https:\/\/notis-coiffure.gr\/wp-content\/uploads\/2020\/02\/Notis-Coiffure_feature-232x178.jpg 232w, https:\/\/notis-coiffure.gr\/wp-content\/uploads\/2020\/02\/Notis-Coiffure_feature-465x357.jpg 465w\" sizes=\"auto, (min-width: 900px) 50vw, 100vw\" \/>\t\t\t\t\t<span class='icon shortcode theme  use-hover' style=''>&#58897;<\/span>\t\t\t\t<\/a>\n\t\t\t\t\t<\/div>\n\t<\/div>\n\n\t<\/div>\n<\/div>\n\t\t\t\t<\/div>\n\t\t\t<\/div>\n\t\t\t<div class=\"page-content post-header grid-1-2 clearboth list-item post-13721 post type-post status-publish format-standard has-post-thumbnail hentry category-coloring-fr category-hair-fr\" >\n\t\t\t\t<div>\n\t\t\t\t\t<div class=\"post-article has-image-wrapper \">\n\t<div class=\"standard-post-format clearfix as-image \">\n\t\t<div class=\"post-media-date\">\n\t\t\t<div class=\"thumbnail\">\n\t\t\t\t\t\t\t<a href=\"https:\/\/notis-coiffure.gr\/fr\/the-social-secret-location-event\/\" title=\"The social &#8211; Secret location event by Lemon poppy seed\">\n\t\t\t\t\t<img loading=\"lazy\" decoding=\"async\" width=\"495\" height=\"380\" src=\"https:\/\/notis-coiffure.gr\/wp-content\/uploads\/2019\/10\/IMG-1942722b7ba37c406ff0ad0c0d87460d-V-1-495x380.jpg\" class=\"attachment-theme-loop-2 size-theme-loop-2 wp-post-image\" alt=\"\" srcset=\"https:\/\/notis-coiffure.gr\/wp-content\/uploads\/2019\/10\/IMG-1942722b7ba37c406ff0ad0c0d87460d-V-1-495x380.jpg 495w, https:\/\/notis-coiffure.gr\/wp-content\/uploads\/2019\/10\/IMG-1942722b7ba37c406ff0ad0c0d87460d-V-1-1020x784.jpg 1020w, https:\/\/notis-coiffure.gr\/wp-content\/uploads\/2019\/10\/IMG-1942722b7ba37c406ff0ad0c0d87460d-V-1-990x761.jpg 990w, https:\/\/notis-coiffure.gr\/wp-content\/uploads\/2019\/10\/IMG-1942722b7ba37c406ff0ad0c0d87460d-V-1-320x246.jpg 320w, https:\/\/notis-coiffure.gr\/wp-content\/uploads\/2019\/10\/IMG-1942722b7ba37c406ff0ad0c0d87460d-V-1-640x492.jpg 640w, https:\/\/notis-coiffure.gr\/wp-content\/uploads\/2019\/10\/IMG-1942722b7ba37c406ff0ad0c0d87460d-V-1-232x178.jpg 232w, https:\/\/notis-coiffure.gr\/wp-content\/uploads\/2019\/10\/IMG-1942722b7ba37c406ff0ad0c0d87460d-V-1-465x357.jpg 465w\" sizes=\"auto, (min-width: 900px) 50vw, 100vw\" \/>\t\t\t\t\t<span class='icon shortcode theme  use-hover' style=''>&#58897;<\/span>\t\t\t\t<\/a>\n\t\t\t\t\t<\/div>\n\t<\/div>\n\n\t<\/div>\n<\/div>\n\t\t\t\t<\/div>\n\t\t\t<\/div>\n\t\t\t<div class=\"page-content post-header grid-1-2 list-item post-13683 post type-post status-publish format-image has-post-thumbnail hentry category-coloring-fr category-hair-fr post_format-post-format-image\" >\n\t\t\t\t<div>\n\t\t\t\t\t<div class=\"post-article has-image-wrapper \">\n\t<div class=\"image-post-format clearfix as-normal \">\n\t\t<div class=\"post-media-date\">\n\t\t\t<div class=\"thumbnail\">\n\t\t\t\t\t\t\t<a href=\"https:\/\/notis-coiffure.gr\/fr\/salon-international-london-2019\/\" title=\"Salon international London 2019\">\n\t\t\t\t\t<img loading=\"lazy\" decoding=\"async\" width=\"495\" height=\"380\" src=\"https:\/\/notis-coiffure.gr\/wp-content\/uploads\/2019\/10\/IMG-a481ecb2991959f2c2e0715e1a07e82f-V-495x380.jpg\" class=\"attachment-theme-loop-2 size-theme-loop-2 wp-post-image\" alt=\"\" srcset=\"https:\/\/notis-coiffure.gr\/wp-content\/uploads\/2019\/10\/IMG-a481ecb2991959f2c2e0715e1a07e82f-V-495x380.jpg 495w, https:\/\/notis-coiffure.gr\/wp-content\/uploads\/2019\/10\/IMG-a481ecb2991959f2c2e0715e1a07e82f-V-1020x784.jpg 1020w, https:\/\/notis-coiffure.gr\/wp-content\/uploads\/2019\/10\/IMG-a481ecb2991959f2c2e0715e1a07e82f-V-990x761.jpg 990w, https:\/\/notis-coiffure.gr\/wp-content\/uploads\/2019\/10\/IMG-a481ecb2991959f2c2e0715e1a07e82f-V-320x246.jpg 320w, https:\/\/notis-coiffure.gr\/wp-content\/uploads\/2019\/10\/IMG-a481ecb2991959f2c2e0715e1a07e82f-V-640x492.jpg 640w, https:\/\/notis-coiffure.gr\/wp-content\/uploads\/2019\/10\/IMG-a481ecb2991959f2c2e0715e1a07e82f-V-232x178.jpg 232w, https:\/\/notis-coiffure.gr\/wp-content\/uploads\/2019\/10\/IMG-a481ecb2991959f2c2e0715e1a07e82f-V-465x357.jpg 465w\" sizes=\"auto, (min-width: 900px) 50vw, 100vw\" \/>\t\t\t\t\t<span class='icon shortcode theme  use-hover' style=''>&#58897;<\/span>\t\t\t\t<\/a>\n\t\t\t\t\t<\/div>\n\t<\/div>\n\n\t<\/div>\n<\/div>\n\t\t\t\t<\/div>\n\t\t\t<\/div>\n<\/div>\n\n<\/div><\/div><\/div>\n","protected":false},"excerpt":{"rendered":"","protected":false},"author":1,"featured_media":0,"parent":0,"menu_order":0,"comment_status":"closed","ping_status":"closed","template":"","meta":{"footnotes":""},"class_list":["post-13188","page","type-page","status-publish","hentry"],"_links":{"self":[{"href":"https:\/\/notis-coiffure.gr\/fr\/wp-json\/wp\/v2\/pages\/13188","targetHints":{"allow":["GET"]}}],"collection":[{"href":"https:\/\/notis-coiffure.gr\/fr\/wp-json\/wp\/v2\/pages"}],"about":[{"href":"https:\/\/notis-coiffure.gr\/fr\/wp-json\/wp\/v2\/types\/page"}],"author":[{"embeddable":true,"href":"https:\/\/notis-coiffure.gr\/fr\/wp-json\/wp\/v2\/users\/1"}],"replies":[{"embeddable":true,"href":"https:\/\/notis-coiffure.gr\/fr\/wp-json\/wp\/v2\/comments?post=13188"}],"version-history":[{"count":4,"href":"https:\/\/notis-coiffure.gr\/fr\/wp-json\/wp\/v2\/pages\/13188\/revisions"}],"predecessor-version":[{"id":14389,"href":"https:\/\/notis-coiffure.gr\/fr\/wp-json\/wp\/v2\/pages\/13188\/revisions\/14389"}],"wp:attachment":[{"href":"https:\/\/notis-coiffure.gr\/fr\/wp-json\/wp\/v2\/media?parent=13188"}],"curies":[{"name":"wp","href":"https:\/\/api.w.org\/{rel}","templated":true}]}}