{"id":13186,"date":"2015-02-16T02:45:49","date_gmt":"2015-02-16T02:45:49","guid":{"rendered":"http:\/\/notis-coiffure.gr\/ipiresies\/therapies\/"},"modified":"2018-08-09T14:47:25","modified_gmt":"2018-08-09T14:47:25","slug":"therapies","status":"publish","type":"page","link":"https:\/\/notis-coiffure.gr\/fr\/ipiresies\/therapies\/","title":{"rendered":"\u0398\u03b5\u03c1\u03b1\u03c0\u03b5\u03af\u03b5\u03c2"},"content":{"rendered":"<div class=\"push  wpv-hide-lowres\" style=\"margin-bottom:-60px\"><\/div>\n<div class=\"push  wpv-hide-lowres\" style=\"height:70px\"><\/div>\n<div class=\"limit-wrapper\"><div class=\"row \"><div class=\"wpv-grid grid-1-1  wpv-first-level grid-1-1 first unextended no-extended-padding\" style=\"padding-top:0.05px;padding-bottom:0.05px;\" id=\"wpv-column-058269a6abd2820881a3ef7718c68bbf\" ><div class=\"page\" title=\"Page 1\">\n<div class=\"layoutArea\">\n<div class=\"column\"><\/div>\n<\/div>\n<\/div>\n<h3>Olaplex bond multiplier<\/h3>\n<div class=\"page\" title=\"Page 1\">\n<div class=\"layoutArea\">\n<div class=\"column\">\n<p>La nouvelle th\u00e9rapie avanc\u00e9e cheveux Olaplex est l\u00e0\u00a0! Elle recr\u00e9e les tissus morts des cheveux qui sont attaqu\u00e9s par les travaux chimiques et laisse vos cheveux brillants et en bonne sant\u00e9. Essayez la th\u00e9rapie \u00e0 profonde restructuration et observez vos cheveux se multiplier. Demandez-nous d\u2019ajouter Olaplex dans votre prochaine coloration, m\u00e8ches ou permanente et vous verrez vos cheveux se transformer fortement et seront en bonne sant\u00e9. Cette th\u00e9rapie leur offrira une plus longue dur\u00e9e de coloration. Continuez la th\u00e9rapie avec des produits chez vous pour encore un meilleur r\u00e9sultat\u00a0! Obtenez votre coloration blonde dont vous avez toujours r\u00eav\u00e9 sans avoir peur que votre cheveu s\u2019use ou se casse.<br \/>\nElle ne contient pas de parab\u00e8nes, silicones, Dea, sulfates, phtalates, ald\u00e9hydes et n\u2019est pas essay\u00e9e sur les animaux.<br \/>\nElle consiste en une seule mol\u00e9cule et est arriv\u00e9e pour tout changer dans le domaine de l\u2019art de la coiffure.<br \/>\nDonnez \u00e0 nouveau \u00e0 vos cheveux la sant\u00e9 et l\u2019\u00e9clat perdus!<\/p>\n<div class=\"push  wpv-hide-lowres\" style=\"height:10px\"><\/div>\n<div class=\"push \" style=\"height:20px\"><\/div>\n<h3><\/h3>\n<div class=\"page\" title=\"Page 1\">\n<div class=\"layoutArea\">\n<div class=\"column\">\n<h3>Th\u00e9rapie de lissage \u00e0 la k\u00e9ratine \u2013 Lisse design Keratin Therapy<\/h3>\n<div class=\"page\" title=\"Page 1\">\n<div class=\"layoutArea\">\n<div class=\"column\">La th\u00e9rapie de lissage r\u00e9volutionnaire des cheveux \u00e0 la k\u00e9ratine, pour tous les types et est id\u00e9ale pour les cheveux sensibles et fatigu\u00e9s par les colorations et les m\u00e8ches. Elle \u00e9limine les frisures, est 100% s\u00fbre, ne contient pas du formald\u00e9hyde et de parab\u00e8ne. Elle contient de l\u2019huile de Babassu qui rend les cheveux plus souples, soyeux et brillants. Avec des r\u00e9sultats de longue dur\u00e9e (jusqu\u2019\u00e0 3 mois), cette th\u00e9rapie rendra votre quotidien plus facile.<br \/>\nEssayez l\u00e0 et vous allez \u00eatre enthousiasm\u00e9s!<br \/>\n<div class=\"push  wpv-hide-lowres\" style=\"height:10px\"><\/div>\n<div class=\"push \" style=\"height:20px\"><\/div>\n<h3><\/h3>\n<div class=\"page\" title=\"Page 1\">\n<div class=\"layoutArea\">\n<div class=\"column\">\n<h3><strong>Botox<\/strong><\/h3>\n<div class=\"page\" title=\"Page 1\">\n<div class=\"layoutArea\">\n<div class=\"column\">\n<p>La th\u00e9rapie avec la k\u00e9ratine biomim\u00e9tique, qui aide le cheveu \u00e0 se reconstruire en profondeur et agit \u00e0 l\u2019int\u00e9rieur, aux endroits qui ont \u00e9t\u00e9 endommag\u00e9s par les techniques chimiques.<br \/>\nNe contient pas de parab\u00e8nes.<\/p>\n<\/div>\n<\/div>\n<\/div>\n<\/div>\n<\/div>\n<\/div>\n<\/div>\n<\/div>\n<\/div>\n<\/div>\n<\/div>\n<\/div>\n<\/div>\n<\/div>\n<\/div><\/div><\/div><\/div>\n<div class=\"push  wpv-hide-lowres\" style=\"height:60px\"><\/div>\n","protected":false},"excerpt":{"rendered":"<p>Olaplex bond multiplier La nouvelle th\u00e9rapie avanc\u00e9e cheveux Olaplex est l\u00e0\u00a0! Elle recr\u00e9e les tissus morts des cheveux qui sont attaqu\u00e9s par les travaux chimiques et laisse vos cheveux brillants et en bonne sant\u00e9. Essayez la th\u00e9rapie \u00e0 profonde restructuration et observez vos cheveux se multiplier. Demandez-nous d\u2019ajouter Olaplex dans votre prochaine coloration, m\u00e8ches ou&#8230;<\/p>\n","protected":false},"author":1,"featured_media":0,"parent":13180,"menu_order":0,"comment_status":"closed","ping_status":"closed","template":"","meta":{"footnotes":""},"class_list":["post-13186","page","type-page","status-publish","hentry"],"_links":{"self":[{"href":"https:\/\/notis-coiffure.gr\/fr\/wp-json\/wp\/v2\/pages\/13186","targetHints":{"allow":["GET"]}}],"collection":[{"href":"https:\/\/notis-coiffure.gr\/fr\/wp-json\/wp\/v2\/pages"}],"about":[{"href":"https:\/\/notis-coiffure.gr\/fr\/wp-json\/wp\/v2\/types\/page"}],"author":[{"embeddable":true,"href":"https:\/\/notis-coiffure.gr\/fr\/wp-json\/wp\/v2\/users\/1"}],"replies":[{"embeddable":true,"href":"https:\/\/notis-coiffure.gr\/fr\/wp-json\/wp\/v2\/comments?post=13186"}],"version-history":[{"count":0,"href":"https:\/\/notis-coiffure.gr\/fr\/wp-json\/wp\/v2\/pages\/13186\/revisions"}],"up":[{"embeddable":true,"href":"https:\/\/notis-coiffure.gr\/fr\/wp-json\/wp\/v2\/pages\/13180"}],"wp:attachment":[{"href":"https:\/\/notis-coiffure.gr\/fr\/wp-json\/wp\/v2\/media?parent=13186"}],"curies":[{"name":"wp","href":"https:\/\/api.w.org\/{rel}","templated":true}]}}