{"id":13184,"date":"2018-05-23T16:53:09","date_gmt":"2018-05-23T16:53:09","guid":{"rendered":"http:\/\/notis-coiffure.gr\/ipiresies\/%cf%87%cf%81%cf%8e%ce%bc%ce%b1\/"},"modified":"2018-08-09T14:45:52","modified_gmt":"2018-08-09T14:45:52","slug":"%cf%87%cf%81%cf%8e%ce%bc%ce%b1","status":"publish","type":"page","link":"https:\/\/notis-coiffure.gr\/fr\/ipiresies\/%cf%87%cf%81%cf%8e%ce%bc%ce%b1\/","title":{"rendered":"\u03a7\u03c1\u03ce\u03bc\u03b1"},"content":{"rendered":"<div class=\"push  wpv-hide-lowres\" style=\"margin-bottom:-60px\"><\/div>\n<div class=\"push  wpv-hide-lowres\" style=\"height:70px\"><\/div>\n<div class=\"limit-wrapper\"><div class=\"row \"><div class=\"wpv-grid grid-1-1  wpv-first-level grid-1-1 first unextended no-extended-padding\" style=\"padding-top:0.05px;padding-bottom:0.05px;\" id=\"wpv-column-6d6eeaae478e4cbebb230b0d2e7a1c2b\" ><div class=\"page\" title=\"Page 1\">\n<div class=\"layoutArea\">\n<div class=\"column\">\n<h3>Colorations NaYo \u2013 Haute Technologie organique<\/h3>\n<\/div>\n<\/div>\n<\/div>\n<div class=\"page\" title=\"Page 1\">\n<div class=\"layoutArea\">\n<div class=\"column\">D\u00e9couvrez la nouvelle innovation des colorations pour cheveux, sans ammoniaque, avec 100% de couverture, sans PPD (sans ingr\u00e9dients allergiques) et totalement inodore. Quelques caract\u00e9ristiques qui les font uniques.<br \/>\nDe vives couleurs et une couverture des racines aux pointes dans vos teintures. Des couleurs de longue dur\u00e9e. Composition bas\u00e9e sur des ingr\u00e9dients organiques comme\u00a0: calendula (vertus apaisantes et relaxantes), extrait de yogourt (prot\u00e8ge la fibre du cheveu), lin (nourrit, donne du brillant et produit un sentiment soyeux aux cheveux).<br \/>\nLe plaisir de la couleur!<\/div>\n<\/div>\n<\/div>\n<div class=\"push  wpv-hide-lowres\" style=\"height:10px\"><\/div>\n<div class=\"push \" style=\"height:20px\"><\/div>\n<h3><\/h3>\n<h3>Goldwell<\/h3>\n<div class=\"page\" title=\"Page 1\">\n<div class=\"layoutArea\">\n<div class=\"column\">\n<p>d\u2019inspiration pour nous. Des couleurs de hautes performances, avec une parfaite couverture et un brillant r\u00e9sultat.<br \/>\n\u2022 Une grande palette de couleurs avec nuances p\u00e2les, pastels jusqu\u2019\u00e0 tr\u00e8s intenses.<br \/>\n\u2022 Des couleurs de longue dur\u00e9e.<\/p>\n<div class=\"push  wpv-hide-lowres\" style=\"height:10px\"><\/div>\n<div class=\"push \" style=\"height:20px\"><\/div>\n<h3><\/h3>\n<div class=\"page\" title=\"Page 1\">\n<div class=\"layoutArea\">\n<div class=\"column\">\n<h3>Cramer by Kemon<\/h3>\n<div class=\"page\" title=\"Page 1\">\n<div class=\"layoutArea\">\n<div class=\"column\">\n<p>Cramer a une histoire datant de 1965 et nous donne de parfaits r\u00e9sultats de coloration de longue dur\u00e9e et de pr\u00e9cision.<br \/>\n\u2022 Des colorations enrichies avec de l\u2019huile de coco qui prot\u00e8ge et nourrit le cheveu.<br \/>\n\u2022 53 ans de recherches, fiabilit\u00e9 et r\u00e9volution dans la couleur.<\/p>\n<\/div>\n<\/div>\n<\/div>\n<\/div>\n<\/div>\n<\/div>\n<\/div>\n<\/div>\n<\/div><\/div><\/div><\/div>\n<div class=\"push  wpv-hide-lowres\" style=\"height:60px\"><\/div>\n","protected":false},"excerpt":{"rendered":"<p>Colorations NaYo \u2013 Haute Technologie organique D\u00e9couvrez la nouvelle innovation des colorations pour cheveux, sans ammoniaque, avec 100% de couverture, sans PPD (sans ingr\u00e9dients allergiques) et totalement inodore. Quelques caract\u00e9ristiques qui les font uniques. De vives couleurs et une couverture des racines aux pointes dans vos teintures. Des couleurs de longue dur\u00e9e. Composition bas\u00e9e sur&#8230;<\/p>\n","protected":false},"author":1,"featured_media":0,"parent":13180,"menu_order":0,"comment_status":"closed","ping_status":"closed","template":"","meta":{"footnotes":""},"class_list":["post-13184","page","type-page","status-publish","hentry"],"_links":{"self":[{"href":"https:\/\/notis-coiffure.gr\/fr\/wp-json\/wp\/v2\/pages\/13184","targetHints":{"allow":["GET"]}}],"collection":[{"href":"https:\/\/notis-coiffure.gr\/fr\/wp-json\/wp\/v2\/pages"}],"about":[{"href":"https:\/\/notis-coiffure.gr\/fr\/wp-json\/wp\/v2\/types\/page"}],"author":[{"embeddable":true,"href":"https:\/\/notis-coiffure.gr\/fr\/wp-json\/wp\/v2\/users\/1"}],"replies":[{"embeddable":true,"href":"https:\/\/notis-coiffure.gr\/fr\/wp-json\/wp\/v2\/comments?post=13184"}],"version-history":[{"count":0,"href":"https:\/\/notis-coiffure.gr\/fr\/wp-json\/wp\/v2\/pages\/13184\/revisions"}],"up":[{"embeddable":true,"href":"https:\/\/notis-coiffure.gr\/fr\/wp-json\/wp\/v2\/pages\/13180"}],"wp:attachment":[{"href":"https:\/\/notis-coiffure.gr\/fr\/wp-json\/wp\/v2\/media?parent=13184"}],"curies":[{"name":"wp","href":"https:\/\/api.w.org\/{rel}","templated":true}]}}