{"id":13180,"date":"2014-07-04T10:06:07","date_gmt":"2014-07-04T10:06:07","guid":{"rendered":"http:\/\/notis-coiffure.gr\/ipiresies\/"},"modified":"2023-10-16T14:59:57","modified_gmt":"2023-10-16T14:59:57","slug":"ipiresies","status":"publish","type":"page","link":"https:\/\/notis-coiffure.gr\/fr\/ipiresies\/","title":{"rendered":"Services"},"content":{"rendered":"<div class=\"row \"><div class=\"wpv-grid grid-1-1  wpv-first-level grid-1-1 first extended-content unextended no-extended-padding\" style=\"padding-top:0.05px;padding-bottom:0.05px;\" id=\"wpv-column-b464b1e03b3893abe1ef0f7edaafe4d5\" ><div class=\"extended-column-inner\"><div class=\"row \"><div class=\"wpv-grid grid-1-2  grid-1-2 first unextended no-extended-padding\" style=\"padding-top:20px;padding-bottom:40px;\" id=\"hair-cut-hairdryer\" ><div class=\"row \"><div class=\"wpv-grid grid-1-1  grid-1-1 first unextended animation-from-bottom animated-active no-extended-padding\" style=\"padding-top:0.05px;padding-bottom:0.05px;\" id=\"wpv-column-dde5103292fbab74818d2c84223c0dd3\" >\t\t<h2 class=\"text-divider-double\">\t\t\t\n<span class='icon shortcode theme  use-hover' style='color:#b69e59;font-size:70px !important;'>&#58913;<\/span> Coupe\t\t<\/h2>\t\t<div class=\"sep\"><\/div>\n\t<\/div><\/div>\n<div class=\"row \"><div class=\"wpv-grid grid-1-1  grid-1-1 first unextended animation-from-bottom animated-active no-extended-padding\" style=\"padding-top:0.05px;padding-bottom:0.05px;\" id=\"wpv-column-a70281491f80681ea3cc3ae3fbbf5b74\" ><div class=\"page\" title=\"Page 1\">\n<div class=\"layoutArea\">\n<div class=\"column\">\n<p style=\"text-align: center;\">L\u2019exp\u00e9rience de plusieurs ann\u00e9es et notre soif continuelle de nouvelles tendances nous conduisent souvent \u00e0 suivre des s\u00e9minaires en et hors Gr\u00e8ce. Nous prenons soin d\u2019\u00eatre \u00e0 jour afin de vous proposer la coupe homme, femme et enfant qui convient \u00e0 vos caract\u00e9ristiques du visage et de votre style. Il est important pour nous d\u2019avancer en parall\u00e8le avec l\u2019\u00e9volution dans le domaine de la Haute Coiffure et sommes sp\u00e9cialistes pour les coupes classiques et modernes. G\u00e9om\u00e9tries, allegros, courts, longs, des coupes qui suivent la tendance naturelle de vos cheveux afin que puissiez, en tout temps, \u00eatre soign\u00e9s sans avoir un combat journalier. C\u2019est une des grandes gammes que nous couvrons!<br \/>\nVous nous verrez couper vos cheveux avec un, deux et trois ciseaux en m\u00eame temps! Un essai vous convaincra.<\/p>\n<\/div>\n<\/div>\n<\/div><\/div><\/div><\/div>\n<div class=\"wpv-grid grid-1-2  grid-1-2 has-background unextended no-extended-padding\" style=\"\n\t\t\t\tbackground: url( &#039;https:\/\/notis-coiffure.gr\/wp-content\/uploads\/2018\/04\/1_Haircut_web.jpg&#039; )  ;\n\t\t\t\tbackground-size: cover;\n\t\t\tbackground-attachment: scroll;background-color:#797067;padding-top:400px;padding-bottom:0.05px;\" id=\"wpv-column-48ff26583c0ec72bc200c9d03e48f94b\" ><style>#wpv-column-48ff26583c0ec72bc200c9d03e48f94b,#wpv-column-48ff26583c0ec72bc200c9d03e48f94b p,#wpv-column-48ff26583c0ec72bc200c9d03e48f94b em,#wpv-column-48ff26583c0ec72bc200c9d03e48f94b h1,#wpv-column-48ff26583c0ec72bc200c9d03e48f94b h2,#wpv-column-48ff26583c0ec72bc200c9d03e48f94b h3,#wpv-column-48ff26583c0ec72bc200c9d03e48f94b h4,#wpv-column-48ff26583c0ec72bc200c9d03e48f94b h5,#wpv-column-48ff26583c0ec72bc200c9d03e48f94b h6,#wpv-column-48ff26583c0ec72bc200c9d03e48f94b h1 a:not(:hover),#wpv-column-48ff26583c0ec72bc200c9d03e48f94b h2 a:not(:hover),#wpv-column-48ff26583c0ec72bc200c9d03e48f94b h3 a:not(:hover),#wpv-column-48ff26583c0ec72bc200c9d03e48f94b h4 a:not(:hover),#wpv-column-48ff26583c0ec72bc200c9d03e48f94b h5 a:not(:hover),#wpv-column-48ff26583c0ec72bc200c9d03e48f94b h6 a:not(:hover),#wpv-column-48ff26583c0ec72bc200c9d03e48f94b .column-title,#wpv-column-48ff26583c0ec72bc200c9d03e48f94b .sep-text h2.regular-title-wrapper,#wpv-column-48ff26583c0ec72bc200c9d03e48f94b .text-divider-double,#wpv-column-48ff26583c0ec72bc200c9d03e48f94b .sep-text .sep-text-line,#wpv-column-48ff26583c0ec72bc200c9d03e48f94b .sep,#wpv-column-48ff26583c0ec72bc200c9d03e48f94b .sep-2,#wpv-column-48ff26583c0ec72bc200c9d03e48f94b .sep-3,#wpv-column-48ff26583c0ec72bc200c9d03e48f94b .portfolio-filters .inner-wrapper .cbp-filter-item,#wpv-column-48ff26583c0ec72bc200c9d03e48f94b .portfolio-filters .inner-wrapper .cbp-filter-item:hover,#wpv-column-48ff26583c0ec72bc200c9d03e48f94b .portfolio-filters .inner-wrapper .cbp-filter-item.cbp-filter-item-active,#wpv-column-48ff26583c0ec72bc200c9d03e48f94b td,#wpv-column-48ff26583c0ec72bc200c9d03e48f94b th,#wpv-column-48ff26583c0ec72bc200c9d03e48f94b caption{color:#fff;}<\/style><\/div><\/div>\n<div class=\"row \"><div class=\"wpv-grid grid-1-2  grid-1-2 first has-background unextended animation-fade-in animated-active no-extended-padding\" style=\"\n\t\t\t\tbackground: url( &#039;https:\/\/notis-coiffure.gr\/wp-content\/uploads\/2018\/04\/2_Color_web.jpg&#039; )  ;\n\t\t\t\tbackground-size: cover;\n\t\t\tbackground-attachment: scroll;background-color:#0c142a;padding-top:400px;padding-bottom:0.05px;\" id=\"wpv-column-628c5b57bcb8fc3d942cd2fc2d778a4d\" ><style>#wpv-column-628c5b57bcb8fc3d942cd2fc2d778a4d,#wpv-column-628c5b57bcb8fc3d942cd2fc2d778a4d p,#wpv-column-628c5b57bcb8fc3d942cd2fc2d778a4d em,#wpv-column-628c5b57bcb8fc3d942cd2fc2d778a4d h1,#wpv-column-628c5b57bcb8fc3d942cd2fc2d778a4d h2,#wpv-column-628c5b57bcb8fc3d942cd2fc2d778a4d h3,#wpv-column-628c5b57bcb8fc3d942cd2fc2d778a4d h4,#wpv-column-628c5b57bcb8fc3d942cd2fc2d778a4d h5,#wpv-column-628c5b57bcb8fc3d942cd2fc2d778a4d h6,#wpv-column-628c5b57bcb8fc3d942cd2fc2d778a4d h1 a:not(:hover),#wpv-column-628c5b57bcb8fc3d942cd2fc2d778a4d h2 a:not(:hover),#wpv-column-628c5b57bcb8fc3d942cd2fc2d778a4d h3 a:not(:hover),#wpv-column-628c5b57bcb8fc3d942cd2fc2d778a4d h4 a:not(:hover),#wpv-column-628c5b57bcb8fc3d942cd2fc2d778a4d h5 a:not(:hover),#wpv-column-628c5b57bcb8fc3d942cd2fc2d778a4d h6 a:not(:hover),#wpv-column-628c5b57bcb8fc3d942cd2fc2d778a4d .column-title,#wpv-column-628c5b57bcb8fc3d942cd2fc2d778a4d .sep-text h2.regular-title-wrapper,#wpv-column-628c5b57bcb8fc3d942cd2fc2d778a4d .text-divider-double,#wpv-column-628c5b57bcb8fc3d942cd2fc2d778a4d .sep-text .sep-text-line,#wpv-column-628c5b57bcb8fc3d942cd2fc2d778a4d .sep,#wpv-column-628c5b57bcb8fc3d942cd2fc2d778a4d .sep-2,#wpv-column-628c5b57bcb8fc3d942cd2fc2d778a4d .sep-3,#wpv-column-628c5b57bcb8fc3d942cd2fc2d778a4d .portfolio-filters .inner-wrapper .cbp-filter-item,#wpv-column-628c5b57bcb8fc3d942cd2fc2d778a4d .portfolio-filters .inner-wrapper .cbp-filter-item:hover,#wpv-column-628c5b57bcb8fc3d942cd2fc2d778a4d .portfolio-filters .inner-wrapper .cbp-filter-item.cbp-filter-item-active,#wpv-column-628c5b57bcb8fc3d942cd2fc2d778a4d td,#wpv-column-628c5b57bcb8fc3d942cd2fc2d778a4d th,#wpv-column-628c5b57bcb8fc3d942cd2fc2d778a4d caption{color:#e6e6e8;}<\/style><\/div>\n<div class=\"wpv-grid grid-1-2  grid-1-2 unextended no-extended-padding\" style=\"padding-top:20px;padding-bottom:0.05px;\" id=\"hair-color\" ><div class=\"row \"><div class=\"wpv-grid grid-1-1  grid-1-1 first unextended animation-from-bottom animated-active no-extended-padding\" style=\"padding-top:0.05px;padding-bottom:0.05px;\" id=\"wpv-column-5e75fbd50bfdc4e3e891bbe3506d2b05\" >\t\t<h2 class=\"text-divider-double\">\t\t\t\n<span class='icon shortcode theme  use-hover' style='color:#b69e59;font-size:70px !important;'>&#58915;<\/span> Coloration\t\t<\/h2>\t\t<div class=\"sep\"><\/div>\n\t<\/div><\/div>\n<div class=\"row \"><div class=\"wpv-grid grid-1-1  grid-1-1 first unextended animation-from-bottom animated-active no-extended-padding\" style=\"padding-top:0.05px;padding-bottom:0.05px;\" id=\"wpv-column-20420d858c565edb00aa43039e0545a6\" ><div class=\"page\" style=\"text-align: center;\" title=\"Page 1\">\n<div class=\"layoutArea\">\n<div class=\"column\">\n<p>Nous avons une relation stable et longue avec vous car notre pr\u00e9occupation majeure \u00e0 chaque fois que vous changez de couleur est le meilleur r\u00e9sultat, sans encombrer la sant\u00e9 de vos cheveux.<br \/>\nNous utilisons les meilleurs produits sur le march\u00e9. En cas d\u2019allergies, nous choisissons uniquement des produits \u00e0 base de plantes biologiques, de haute qualit\u00e9 et sensibles envers le cheveu. Ceux-ci contiennent de l\u2019extrait de yogourt et calendula aux ingr\u00e9dients biologiques couvrant ainsi le 100% du cheveu, sans ammoniac et PPD\u00a0!<br \/>\nLors de changements radicaux et nuances de couleurs sp\u00e9ciales, les produits et les th\u00e9rapies que nous appliquons prennent soin du cheveu et parall\u00e8lement ne d\u00e9truisent pas son tissu. Nous sommes des coloristes qui n\u2019arr\u00eatent pas de s\u2019instruire et sommes \u00e0 la recherche des meilleurs produits pour vos cheveux.<\/p>\n<p class=\"textcenter\"><a href=\"\/ipiresies\/\u03c7\u03c1\u03ce\u03bc\u03b1\/\" target=\"_self\" style='font-size: 12px;' class=\"vamtam-button accent1  button-border hover-accent6 \"><span class=\"btext\" data-text=\"Plus\" style=\"color:#000000\">Plus<\/span><\/a><\/p>\n<\/div>\n<\/div>\n<\/div>\n<div id=\"simple-translate\" class=\"simple-translate-system-theme\">\n<div>\n<div class=\"simple-translate-button isShow\" style=\"background-image: url('moz-extension:\/\/4f68f711-65f1-4eca-bf61-9d1768dcea58\/icons\/512.png'); height: 22px; width: 22px; top: 266px; left: 776px;\"><\/div>\n<div class=\"simple-translate-panel \" style=\"width: 300px; height: 200px; top: 0px; left: 0px; font-size: 13px;\">\n<div class=\"simple-translate-result-wrapper\" style=\"overflow: hidden;\">\n<div class=\"simple-translate-move\" draggable=\"true\"><\/div>\n<div class=\"simple-translate-result-contents\">\n<p class=\"simple-translate-result\" dir=\"auto\">\n<p class=\"simple-translate-candidate\" dir=\"auto\">\n<\/div>\n<\/div>\n<\/div>\n<\/div>\n<\/div><\/div><\/div>\n<div class=\"push  wpv-hide-lowres\" style=\"height:40px\"><\/div><\/div><\/div>\n<div class=\"row \"><div class=\"wpv-grid grid-1-2  grid-1-2 first unextended no-extended-padding\" style=\"padding-top:20px;padding-bottom:40px;\" id=\"hairstyle\" ><div class=\"row \"><div class=\"wpv-grid grid-1-1  grid-1-1 first unextended animation-from-bottom animated-active no-extended-padding\" style=\"padding-top:0.05px;padding-bottom:0.05px;\" id=\"wpv-column-7b419d368df4ee1f8e894d3425410c70\" >\t\t<h2 class=\"text-divider-double\">\t\t\t\n<span class='icon shortcode theme  use-hover' style='color:#b69e59;font-size:70px !important;'>&#58920;<\/span>Brushing\t\t<\/h2>\t\t<div class=\"sep\"><\/div>\n\t<\/div><\/div>\n<div class=\"row \"><div class=\"wpv-grid grid-1-1  grid-1-1 first unextended animation-from-bottom animated-active no-extended-padding\" style=\"padding-top:0.05px;padding-bottom:0.05px;\" id=\"wpv-column-811844b02bf08e73d9eac311fee79f49\" ><div class=\"page\" style=\"text-align: center;\" title=\"Page 1\">\n<div class=\"layoutArea\">\n<div class=\"column\">\n<p>Ce rendez-vous o\u00f9 vous d\u00e9sirez impressionner, le soin journalier pour votre travail, le mariage de votre meilleur ami, la f\u00eate o\u00f9 vous d\u00e9sirez briller, la journ\u00e9e o\u00f9 vous allez vous marier, toutes ces journ\u00e9es sont les raisons pour lesquelles vous m\u00e9ritez un brushing unique\u00a0! Nous sommes des joueurs forts avec les brosses et les s\u00e8che-cheveux et vous ressortirez de Notis Haute Coiffure avec des coiffures de superproductions, romantiques ou minimales. Laissez le reste \u00e0 notre fantaisie!<\/p>\n<\/div>\n<\/div>\n<\/div><\/div><\/div><\/div>\n<div class=\"wpv-grid grid-1-2  grid-1-2 has-background unextended animation-fade-in animated-active no-extended-padding\" style=\"\n\t\t\t\tbackground: url( &#039;https:\/\/notis-coiffure.gr\/wp-content\/uploads\/2018\/04\/4_Treatments_web.jpg&#039; )  ;\n\t\t\t\tbackground-size: cover;\n\t\t\tbackground-attachment: scroll;background-color:#0e0a0a;padding-top:400px;padding-bottom:0.05px;\" id=\"wpv-column-a47f0a229078d5bee3f65d22ac154630\" ><style>#wpv-column-a47f0a229078d5bee3f65d22ac154630,#wpv-column-a47f0a229078d5bee3f65d22ac154630 p,#wpv-column-a47f0a229078d5bee3f65d22ac154630 em,#wpv-column-a47f0a229078d5bee3f65d22ac154630 h1,#wpv-column-a47f0a229078d5bee3f65d22ac154630 h2,#wpv-column-a47f0a229078d5bee3f65d22ac154630 h3,#wpv-column-a47f0a229078d5bee3f65d22ac154630 h4,#wpv-column-a47f0a229078d5bee3f65d22ac154630 h5,#wpv-column-a47f0a229078d5bee3f65d22ac154630 h6,#wpv-column-a47f0a229078d5bee3f65d22ac154630 h1 a:not(:hover),#wpv-column-a47f0a229078d5bee3f65d22ac154630 h2 a:not(:hover),#wpv-column-a47f0a229078d5bee3f65d22ac154630 h3 a:not(:hover),#wpv-column-a47f0a229078d5bee3f65d22ac154630 h4 a:not(:hover),#wpv-column-a47f0a229078d5bee3f65d22ac154630 h5 a:not(:hover),#wpv-column-a47f0a229078d5bee3f65d22ac154630 h6 a:not(:hover),#wpv-column-a47f0a229078d5bee3f65d22ac154630 .column-title,#wpv-column-a47f0a229078d5bee3f65d22ac154630 .sep-text h2.regular-title-wrapper,#wpv-column-a47f0a229078d5bee3f65d22ac154630 .text-divider-double,#wpv-column-a47f0a229078d5bee3f65d22ac154630 .sep-text .sep-text-line,#wpv-column-a47f0a229078d5bee3f65d22ac154630 .sep,#wpv-column-a47f0a229078d5bee3f65d22ac154630 .sep-2,#wpv-column-a47f0a229078d5bee3f65d22ac154630 .sep-3,#wpv-column-a47f0a229078d5bee3f65d22ac154630 .portfolio-filters .inner-wrapper .cbp-filter-item,#wpv-column-a47f0a229078d5bee3f65d22ac154630 .portfolio-filters .inner-wrapper .cbp-filter-item:hover,#wpv-column-a47f0a229078d5bee3f65d22ac154630 .portfolio-filters .inner-wrapper .cbp-filter-item.cbp-filter-item-active,#wpv-column-a47f0a229078d5bee3f65d22ac154630 td,#wpv-column-a47f0a229078d5bee3f65d22ac154630 th,#wpv-column-a47f0a229078d5bee3f65d22ac154630 caption{color:#d8d8d8;}<\/style><\/div><\/div>\n<div class=\"row \"><div class=\"wpv-grid grid-1-2  grid-1-2 first has-background unextended animation-fade-in animated-active no-extended-padding\" style=\"\n\t\t\t\tbackground: url( &#039;https:\/\/notis-coiffure.gr\/wp-content\/uploads\/2018\/04\/3_Hairstyle_web-e1524517860972.jpg&#039; )  ;\n\t\t\t\tbackground-size: cover;\n\t\t\tbackground-attachment: scroll;background-color:#0e0a0a;padding-top:400px;padding-bottom:0.05px;\" id=\"wpv-column-750f2587c3cd042b3fe09ef320095c57\" ><style>#wpv-column-750f2587c3cd042b3fe09ef320095c57,#wpv-column-750f2587c3cd042b3fe09ef320095c57 p,#wpv-column-750f2587c3cd042b3fe09ef320095c57 em,#wpv-column-750f2587c3cd042b3fe09ef320095c57 h1,#wpv-column-750f2587c3cd042b3fe09ef320095c57 h2,#wpv-column-750f2587c3cd042b3fe09ef320095c57 h3,#wpv-column-750f2587c3cd042b3fe09ef320095c57 h4,#wpv-column-750f2587c3cd042b3fe09ef320095c57 h5,#wpv-column-750f2587c3cd042b3fe09ef320095c57 h6,#wpv-column-750f2587c3cd042b3fe09ef320095c57 h1 a:not(:hover),#wpv-column-750f2587c3cd042b3fe09ef320095c57 h2 a:not(:hover),#wpv-column-750f2587c3cd042b3fe09ef320095c57 h3 a:not(:hover),#wpv-column-750f2587c3cd042b3fe09ef320095c57 h4 a:not(:hover),#wpv-column-750f2587c3cd042b3fe09ef320095c57 h5 a:not(:hover),#wpv-column-750f2587c3cd042b3fe09ef320095c57 h6 a:not(:hover),#wpv-column-750f2587c3cd042b3fe09ef320095c57 .column-title,#wpv-column-750f2587c3cd042b3fe09ef320095c57 .sep-text h2.regular-title-wrapper,#wpv-column-750f2587c3cd042b3fe09ef320095c57 .text-divider-double,#wpv-column-750f2587c3cd042b3fe09ef320095c57 .sep-text .sep-text-line,#wpv-column-750f2587c3cd042b3fe09ef320095c57 .sep,#wpv-column-750f2587c3cd042b3fe09ef320095c57 .sep-2,#wpv-column-750f2587c3cd042b3fe09ef320095c57 .sep-3,#wpv-column-750f2587c3cd042b3fe09ef320095c57 .portfolio-filters .inner-wrapper .cbp-filter-item,#wpv-column-750f2587c3cd042b3fe09ef320095c57 .portfolio-filters .inner-wrapper .cbp-filter-item:hover,#wpv-column-750f2587c3cd042b3fe09ef320095c57 .portfolio-filters .inner-wrapper .cbp-filter-item.cbp-filter-item-active,#wpv-column-750f2587c3cd042b3fe09ef320095c57 td,#wpv-column-750f2587c3cd042b3fe09ef320095c57 th,#wpv-column-750f2587c3cd042b3fe09ef320095c57 caption{color:#d8d8d8;}<\/style><\/div>\n<div class=\"wpv-grid grid-1-2  grid-1-2 unextended no-extended-padding\" style=\"padding-top:20px;padding-bottom:0.05px;\" id=\"therapies\" ><div class=\"row \"><div class=\"wpv-grid grid-1-1  grid-1-1 first unextended animation-from-bottom animated-active no-extended-padding\" style=\"padding-top:0.05px;padding-bottom:0.05px;\" id=\"wpv-column-4cb4d40a5678272ca35700cb684a88d7\" >\t\t<h2 class=\"text-divider-double\">\t\t\t\n<span class='icon shortcode theme  use-hover' style='color:#b69e59;font-size:70px !important;'>&#57503;<\/span>Th\u00e9rapies\t\t<\/h2>\t\t<div class=\"sep\"><\/div>\n\t<\/div><\/div>\n<div class=\"row \"><div class=\"wpv-grid grid-1-1  grid-1-1 first unextended animation-from-bottom animated-active no-extended-padding\" style=\"padding-top:0.05px;padding-bottom:0.05px;\" id=\"wpv-column-f263feb41b724de359f1ffa2b5e918af\" ><div class=\"page\" title=\"Page 1\">\n<div class=\"layoutArea\">\n<div class=\"column\">\n<p>Les th\u00e9rapies sont imp\u00e9ratives pour le bien-\u00eatre de vos cheveux lesquels sont maltrait\u00e9s \u00e0 cause des changements de temps, des shampoings \u00e0 haut PH, de l\u2019utilisation de divers outils thermiques, etc. De plus vos cheveux sont attaqu\u00e9s par les usages techniques avec pour cons\u00e9quence leur d\u00e9shydratation, leur casse et leurs frisures. Nous vous proposons des th\u00e9rapies et produits que nous avons utilis\u00e9s avec des r\u00e9sultats impressionnants.<\/p>\n<p class=\"textcenter\"><a href=\"\/ipiresies\/therapies\/\" target=\"_self\" style='font-size: 12px;' class=\"vamtam-button accent1  button-border hover-accent6 \"><span class=\"btext\" data-text=\"Plus\" style=\"color:#000000\">Plus<\/span><\/a><\/p>\n<\/div>\n<\/div>\n<\/div>\n<div id=\"simple-translate\" class=\"simple-translate-system-theme\">\n<div>\n<div class=\"simple-translate-button isShow\" style=\"background-image: url('moz-extension:\/\/4f68f711-65f1-4eca-bf61-9d1768dcea58\/icons\/512.png'); height: 22px; width: 22px; top: 176px; left: 594px;\"><\/div>\n<div class=\"simple-translate-panel \" style=\"width: 300px; height: 200px; top: 0px; left: 0px; font-size: 13px;\">\n<div class=\"simple-translate-result-wrapper\" style=\"overflow: hidden;\">\n<div class=\"simple-translate-move\" draggable=\"true\"><\/div>\n<div class=\"simple-translate-result-contents\">\n<p class=\"simple-translate-result\" dir=\"auto\">\n<p class=\"simple-translate-candidate\" dir=\"auto\">\n<\/div>\n<\/div>\n<\/div>\n<\/div>\n<\/div><\/div><\/div>\n<div class=\"push  wpv-hide-lowres\" style=\"height:40px\"><\/div><\/div><\/div>\n<div class=\"row \"><div class=\"wpv-grid grid-1-2  grid-1-2 first unextended no-extended-padding\" style=\"padding-top:20px;padding-bottom:40px;\" id=\"eyebrows\" ><div class=\"row \"><div class=\"wpv-grid grid-1-1  grid-1-1 first unextended animation-from-bottom animated-active no-extended-padding\" style=\"padding-top:0.05px;padding-bottom:0.05px;\" id=\"wpv-column-d608e20ce771dd4f04df4fc41934b9e6\" >\t\t<h2 class=\"text-divider-double\">\t\t\t\n<span class='icon shortcode theme  use-hover' style='color:#b69e59;font-size:70px !important;'>&#58917;<\/span> Sourcils\n<div id=\"simple-translate\" class=\"simple-translate-system-theme\">\n<div>\n<div class=\"simple-translate-button isShow\" style=\"background-image: url('moz-extension:\/\/4f68f711-65f1-4eca-bf61-9d1768dcea58\/icons\/512.png'); height: 22px; width: 22px; top: 48px; left: 497px;\"><\/div>\n<div class=\"simple-translate-panel \" style=\"width: 300px; height: 200px; top: 0px; left: 0px; font-size: 13px;\">\n<div class=\"simple-translate-result-wrapper\" style=\"overflow: hidden;\">\n<div class=\"simple-translate-move\" draggable=\"true\"><\/div>\n<div class=\"simple-translate-result-contents\">\n\n\n<\/div>\n<\/div>\n<\/div>\n<\/div>\n<\/div>\n\t\t<\/h2>\t\t<div class=\"sep\"><\/div>\n\t<\/div><\/div>\n<div class=\"row \"><div class=\"wpv-grid grid-1-1  grid-1-1 first unextended animation-from-bottom animated-active no-extended-padding\" style=\"padding-top:0.05px;padding-bottom:0.05px;\" id=\"wpv-column-63280104e44a38738dff701540fdf383\" ><div class=\"page\" style=\"text-align: center;\" title=\"Page 1\">\n<div class=\"layoutArea\">\n<div class=\"column\">\n<p>Ils sont le petit d\u00e9tail qui peut changer toute notre icone du visage. Les sourcils bien soign\u00e9s ouvrent le regard et construisent une harmonie. Venez cr\u00e9er le rehaussement qui vous convient.<\/p>\n<\/div>\n<\/div>\n<\/div>\n<div id=\"simple-translate\" class=\"simple-translate-system-theme\">\n<div>\n<div class=\"simple-translate-button isShow\" style=\"background-image: url('moz-extension:\/\/4f68f711-65f1-4eca-bf61-9d1768dcea58\/icons\/512.png'); height: 22px; width: 22px; top: 34px; left: 25px;\"><\/div>\n<div class=\"simple-translate-panel \" style=\"width: 300px; height: 200px; top: 0px; left: 0px; font-size: 13px;\">\n<div class=\"simple-translate-result-wrapper\" style=\"overflow: hidden;\">\n<div class=\"simple-translate-move\" draggable=\"true\"><\/div>\n<div class=\"simple-translate-result-contents\">\n<p class=\"simple-translate-result\" dir=\"auto\">\n<p class=\"simple-translate-candidate\" dir=\"auto\">\n<\/div>\n<\/div>\n<\/div>\n<\/div>\n<\/div><\/div><\/div><\/div>\n<div class=\"wpv-grid grid-1-2  grid-1-2 has-background unextended animation-fade-in animated-active no-extended-padding\" style=\"\n\t\t\t\tbackground: url( &#039;https:\/\/notis-coiffure.gr\/wp-content\/uploads\/2018\/04\/5_Nails_web.jpg&#039; )  ;\n\t\t\t\tbackground-size: cover;\n\t\t\tbackground-attachment: scroll;background-color:#393939;padding-top:400px;padding-bottom:0.05px;\" id=\"manicur\" ><style>#manicur,#manicur p,#manicur em,#manicur h1,#manicur h2,#manicur h3,#manicur h4,#manicur h5,#manicur h6,#manicur h1 a:not(:hover),#manicur h2 a:not(:hover),#manicur h3 a:not(:hover),#manicur h4 a:not(:hover),#manicur h5 a:not(:hover),#manicur h6 a:not(:hover),#manicur .column-title,#manicur .sep-text h2.regular-title-wrapper,#manicur .text-divider-double,#manicur .sep-text .sep-text-line,#manicur .sep,#manicur .sep-2,#manicur .sep-3,#manicur .portfolio-filters .inner-wrapper .cbp-filter-item,#manicur .portfolio-filters .inner-wrapper .cbp-filter-item:hover,#manicur .portfolio-filters .inner-wrapper .cbp-filter-item.cbp-filter-item-active,#manicur td,#manicur th,#manicur caption{color:#fff;}<\/style><\/div><\/div>\n<div class=\"row \"><div class=\"wpv-grid grid-1-2  grid-1-2 first has-background unextended animation-fade-in animated-active no-extended-padding\" style=\"\n\t\t\t\tbackground: url( &#039;https:\/\/notis-coiffure.gr\/wp-content\/uploads\/2018\/04\/8_Barbering_web.jpg&#039; )  ;\n\t\t\t\tbackground-size: cover;\n\t\t\tbackground-attachment: scroll;background-color:#393939;padding-top:400px;padding-bottom:0.05px;\" id=\"wpv-column-797f7186595ad393ab10229265b4175d\" ><style>#wpv-column-797f7186595ad393ab10229265b4175d,#wpv-column-797f7186595ad393ab10229265b4175d p,#wpv-column-797f7186595ad393ab10229265b4175d em,#wpv-column-797f7186595ad393ab10229265b4175d h1,#wpv-column-797f7186595ad393ab10229265b4175d h2,#wpv-column-797f7186595ad393ab10229265b4175d h3,#wpv-column-797f7186595ad393ab10229265b4175d h4,#wpv-column-797f7186595ad393ab10229265b4175d h5,#wpv-column-797f7186595ad393ab10229265b4175d h6,#wpv-column-797f7186595ad393ab10229265b4175d h1 a:not(:hover),#wpv-column-797f7186595ad393ab10229265b4175d h2 a:not(:hover),#wpv-column-797f7186595ad393ab10229265b4175d h3 a:not(:hover),#wpv-column-797f7186595ad393ab10229265b4175d h4 a:not(:hover),#wpv-column-797f7186595ad393ab10229265b4175d h5 a:not(:hover),#wpv-column-797f7186595ad393ab10229265b4175d h6 a:not(:hover),#wpv-column-797f7186595ad393ab10229265b4175d .column-title,#wpv-column-797f7186595ad393ab10229265b4175d .sep-text h2.regular-title-wrapper,#wpv-column-797f7186595ad393ab10229265b4175d .text-divider-double,#wpv-column-797f7186595ad393ab10229265b4175d .sep-text .sep-text-line,#wpv-column-797f7186595ad393ab10229265b4175d .sep,#wpv-column-797f7186595ad393ab10229265b4175d .sep-2,#wpv-column-797f7186595ad393ab10229265b4175d .sep-3,#wpv-column-797f7186595ad393ab10229265b4175d .portfolio-filters .inner-wrapper .cbp-filter-item,#wpv-column-797f7186595ad393ab10229265b4175d .portfolio-filters .inner-wrapper .cbp-filter-item:hover,#wpv-column-797f7186595ad393ab10229265b4175d .portfolio-filters .inner-wrapper .cbp-filter-item.cbp-filter-item-active,#wpv-column-797f7186595ad393ab10229265b4175d td,#wpv-column-797f7186595ad393ab10229265b4175d th,#wpv-column-797f7186595ad393ab10229265b4175d caption{color:#fff;}<\/style><\/div>\n<div class=\"wpv-grid grid-1-2  grid-1-2 unextended no-extended-padding\" style=\"padding-top:20px;padding-bottom:40px;\" id=\"mustache\" ><div class=\"row \"><div class=\"wpv-grid grid-1-1  grid-1-1 first unextended animation-from-bottom animated-active no-extended-padding\" style=\"padding-top:0.05px;padding-bottom:0.05px;\" id=\"wpv-column-fb6a3a2a778b333630d8a6d77bb0eab6\" >\t\t<h2 class=\"text-divider-double\">\t\t\t\n<span class='icon shortcode theme  use-hover' style='color:#b69e59;font-size:70px !important;'>&#58914;<\/span> Moustache\/Barbe\t\t<\/h2>\t\t<div class=\"sep\"><\/div>\n\t<\/div><\/div>\n<div class=\"row \"><div class=\"wpv-grid grid-1-1  grid-1-1 first unextended animation-from-bottom animated-active no-extended-padding\" style=\"padding-top:0.05px;padding-bottom:0.05px;\" id=\"wpv-column-b81e42524311d954bd48e0db705cbea3\" ><div class=\"page\" style=\"text-align: center;\" title=\"Page 2\">\n<div class=\"layoutArea\">\n<div class=\"column\">\n<p>La barbe et la moustache sont la moiti\u00e9 de la noblesse\u00a0! En leurs donnant le dessin qui suit les traits de votre visage ainsi que votre style, votre look du jour est compl\u00e9t\u00e9. Le moment est venu pour nous d\u2019en prendre soin.<\/p>\n<\/div>\n<\/div>\n<\/div><\/div><\/div><\/div><\/div><\/div><\/div><\/div>\n<div class=\"push  wpv-hide-lowres\" style=\"height:100px\"><\/div>\n","protected":false},"excerpt":{"rendered":"<p>L\u2019exp\u00e9rience de plusieurs ann\u00e9es et notre soif continuelle de nouvelles tendances nous conduisent souvent \u00e0 suivre des s\u00e9minaires en et hors Gr\u00e8ce. Nous prenons soin d\u2019\u00eatre \u00e0 jour afin de vous proposer la coupe homme, femme et enfant qui convient \u00e0 vos caract\u00e9ristiques du visage et de votre style. Il est important pour nous d\u2019avancer&#8230;<\/p>\n","protected":false},"author":1,"featured_media":0,"parent":0,"menu_order":0,"comment_status":"closed","ping_status":"open","template":"","meta":{"footnotes":""},"class_list":["post-13180","page","type-page","status-publish","hentry"],"_links":{"self":[{"href":"https:\/\/notis-coiffure.gr\/fr\/wp-json\/wp\/v2\/pages\/13180","targetHints":{"allow":["GET"]}}],"collection":[{"href":"https:\/\/notis-coiffure.gr\/fr\/wp-json\/wp\/v2\/pages"}],"about":[{"href":"https:\/\/notis-coiffure.gr\/fr\/wp-json\/wp\/v2\/types\/page"}],"author":[{"embeddable":true,"href":"https:\/\/notis-coiffure.gr\/fr\/wp-json\/wp\/v2\/users\/1"}],"replies":[{"embeddable":true,"href":"https:\/\/notis-coiffure.gr\/fr\/wp-json\/wp\/v2\/comments?post=13180"}],"version-history":[{"count":4,"href":"https:\/\/notis-coiffure.gr\/fr\/wp-json\/wp\/v2\/pages\/13180\/revisions"}],"predecessor-version":[{"id":14350,"href":"https:\/\/notis-coiffure.gr\/fr\/wp-json\/wp\/v2\/pages\/13180\/revisions\/14350"}],"wp:attachment":[{"href":"https:\/\/notis-coiffure.gr\/fr\/wp-json\/wp\/v2\/media?parent=13180"}],"curies":[{"name":"wp","href":"https:\/\/api.w.org\/{rel}","templated":true}]}}